{"id":2,"date":"2016-12-21T22:49:38","date_gmt":"2016-12-21T19:49:38","guid":{"rendered":"http:\/\/denizozerdem.av.tr\/?page_id=2"},"modified":"2018-11-30T12:09:00","modified_gmt":"2018-11-30T09:09:00","slug":"ozgecmis","status":"publish","type":"page","link":"http:\/\/denizozerdem.av.tr\/index.php\/ozgecmis\/","title":{"rendered":"\u00d6ZGE\u00c7M\u0130\u015e"},"content":{"rendered":"<p style=\"text-align: justify;\">1986 y\u0131l\u0131nda Tav\u015fanl\u0131\u2019da do\u011fan Deniz \u00d6zerdem, orta \u00f6\u011frenimini 2001 y\u0131l\u0131nda Tav\u015fanl\u0131 Anadolu Lisesinde, lise \u00f6\u011frenimini 2004 K\u00fctahya Anadolu \u00d6\u011fretmen Lisesinde, \u00fcniversite \u00f6\u011frenimini ise 2009 Kocaeli \u00dcniversitesi Hukuk Fak\u00fcltesinde tamamlam\u0131\u015ft\u0131r. 2009-2010 \u0130stanbul Barosunda avukatl\u0131k staj\u0131n\u0131 tamamlayan Deniz \u00d6zerdem adliye staj\u0131n\u0131 Beyo\u011flu Adliyesinde, b\u00fcro staj\u0131n\u0131 \u0130stanbul\u2019da faaliyet g\u00f6steren G\u00fclhan Hukuk B\u00fcrosunda yapm\u0131\u015ft\u0131r. \u00dcniversite \u00f6\u011frenimi s\u0131ras\u0131nda \u0130zmit&#8217;te faaliyet g\u00f6steren Bilici Hukuk B\u00fcrosunda, staj d\u00f6nemi sonras\u0131nda ise Erdem \u0130n\u015faat Firmas\u0131nda Hukuki Dan\u0131\u015fmanl\u0131k ve avukatl\u0131k yapm\u0131\u015ft\u0131r. 2011 Y\u0131l\u0131ndan itibaren serbest avukatl\u0131k yapan Deniz \u00d6zerdem, 2011-2015 y\u0131llar\u0131 aras\u0131nda K\u00fctahya&#8217;da, 2015 y\u0131l\u0131ndan g\u00fcn\u00fcm\u00fcze kadar ise memleketi K\u00fctahya\u2019n\u0131n Tav\u015fanl\u0131 \u0130l\u00e7esinde serbest avukat olarak mesle\u011fine devam etmektedir.<\/p>\n","protected":false},"excerpt":{"rendered":"<p>1986 y\u0131l\u0131nda Tav\u015fanl\u0131\u2019da do\u011fan Deniz \u00d6zerdem, orta \u00f6\u011frenimini 2001 y\u0131l\u0131nda Tav\u015fanl\u0131 Anadolu Lisesinde, lise \u00f6\u011frenimini 2004 K\u00fctahya Anadolu \u00d6\u011fretmen Lisesinde, \u00fcniversite \u00f6\u011frenimini ise 2009 Kocaeli&#8230;<\/p>\n<div class=\"more-link-wrapper\"><a class=\"more-link\" href=\"http:\/\/denizozerdem.av.tr\/index.php\/ozgecmis\/\">Devam\u0131<span class=\"screen-reader-text\">\u00d6ZGE\u00c7M\u0130\u015e<\/span><\/a><\/div>\n","protected":false},"author":1,"featured_media":0,"parent":0,"menu_order":0,"comment_status":"closed","ping_status":"open","template":"","meta":[],"_links":{"self":[{"href":"http:\/\/denizozerdem.av.tr\/index.php\/wp-json\/wp\/v2\/pages\/2"}],"collection":[{"href":"http:\/\/denizozerdem.av.tr\/index.php\/wp-json\/wp\/v2\/pages"}],"about":[{"href":"http:\/\/denizozerdem.av.tr\/index.php\/wp-json\/wp\/v2\/types\/page"}],"author":[{"embeddable":true,"href":"http:\/\/denizozerdem.av.tr\/index.php\/wp-json\/wp\/v2\/users\/1"}],"replies":[{"embeddable":true,"href":"http:\/\/denizozerdem.av.tr\/index.php\/wp-json\/wp\/v2\/comments?post=2"}],"version-history":[{"count":7,"href":"http:\/\/denizozerdem.av.tr\/index.php\/wp-json\/wp\/v2\/pages\/2\/revisions"}],"predecessor-version":[{"id":70,"href":"http:\/\/denizozerdem.av.tr\/index.php\/wp-json\/wp\/v2\/pages\/2\/revisions\/70"}],"wp:attachment":[{"href":"http:\/\/denizozerdem.av.tr\/index.php\/wp-json\/wp\/v2\/media?parent=2"}],"curies":[{"name":"wp","href":"https:\/\/api.w.org\/{rel}","templated":true}]}}