{"id":33,"date":"2017-09-03T13:46:52","date_gmt":"2017-09-03T10:46:52","guid":{"rendered":"http:\/\/denizozerdem.av.tr\/?page_id=33"},"modified":"2017-09-12T17:56:16","modified_gmt":"2017-09-12T14:56:16","slug":"hakkimizda","status":"publish","type":"page","link":"http:\/\/denizozerdem.av.tr\/index.php\/hakkimizda\/","title":{"rendered":"HAKKIMIZDA"},"content":{"rendered":"<p style=\"text-align: justify;\">2011 y\u0131l\u0131nda Avukat Deniz \u00d6zerdem Taraf\u0131ndan Kurulan Deniz \u00d6zerdem Avukatl\u0131k B\u00fcrosu kuruldu\u011fu g\u00fcnden bu yana yerli\/yabanc\u0131 bireylere ve \u015firketlere hukuki dan\u0131\u015fmanl\u0131k ve avukatl\u0131k hizmeti sunmaktad\u0131r. Deniz \u00d6zerdem Avukatl\u0131k B\u00fcrosu Kuruldu\u011fu g\u00fcnden itibaren mesle\u011fine duydu\u011fu sayg\u0131 ve \u00e7al\u0131\u015fmalar\u0131ndaki titizlik ile m\u00fcvekkillerine en iyi ve do\u011fru hizmeti en k\u0131sa s\u00fcrede vermeyi hedeflemektedir. M\u00fcvekkillerinin sorunlar\u0131n\u0131 en h\u0131zl\u0131 ve en iyi \u015fekilde \u00e7\u00f6z\u00fcme kavu\u015fturmay\u0131 ama\u00e7 edinen Deniz \u00d6zerdem Avukatl\u0131k B\u00fcrosu; kaliteli hizmetin yan\u0131nda m\u00fcvekkillerinin sekt\u00f6rel ve\/veya \u00f6zel alanlar\u0131na \u00f6zg\u00fc yenilik\u00e7i \u00e7\u00f6z\u00fcmler i\u00e7in doktrinsel ve i\u00e7tihadi \u00e7\u00f6z\u00fcmlemelerini de her daim ara\u015ft\u0131rmas\u0131n\u0131 yaparak, m\u00fcvekkil memnuniyetini kazanmay\u0131 ilke edinmi\u015f ve m\u00fcvekkillerin ihtilaf i\u00e7eren dava, s\u00f6zle\u015fme ve dan\u0131\u015fmanl\u0131k ba\u015fta olmak \u00fczere t\u00fcm hukuki taleplerine cevap vermektedir.<\/p>\n<p style=\"text-align: justify;\">M\u00fcvekkilleriyle uzun vadeli ve g\u00fcvene dayal\u0131 ili\u015fkiler kurma \u00f6nceli\u011finde olan avukatl\u0131k b\u00fcromuz 2017 y\u0131l\u0131nda Arabuluculuk hizmetleri de sunmaya ba\u015flayarak faaliyetlerini avukatl\u0131k ve arabuluculuk\u00a0\u00a0b\u00fcrosu olarak s\u00fcrd\u00fcrmektedir.<\/p>\n","protected":false},"excerpt":{"rendered":"<p>2011 y\u0131l\u0131nda Avukat Deniz \u00d6zerdem Taraf\u0131ndan Kurulan Deniz \u00d6zerdem Avukatl\u0131k B\u00fcrosu kuruldu\u011fu g\u00fcnden bu yana yerli\/yabanc\u0131 bireylere ve \u015firketlere hukuki dan\u0131\u015fmanl\u0131k ve avukatl\u0131k hizmeti sunmaktad\u0131r.&#8230;<\/p>\n<div class=\"more-link-wrapper\"><a class=\"more-link\" href=\"http:\/\/denizozerdem.av.tr\/index.php\/hakkimizda\/\">Devam\u0131<span class=\"screen-reader-text\">HAKKIMIZDA<\/span><\/a><\/div>\n","protected":false},"author":1,"featured_media":0,"parent":0,"menu_order":0,"comment_status":"closed","ping_status":"closed","template":"","meta":[],"_links":{"self":[{"href":"http:\/\/denizozerdem.av.tr\/index.php\/wp-json\/wp\/v2\/pages\/33"}],"collection":[{"href":"http:\/\/denizozerdem.av.tr\/index.php\/wp-json\/wp\/v2\/pages"}],"about":[{"href":"http:\/\/denizozerdem.av.tr\/index.php\/wp-json\/wp\/v2\/types\/page"}],"author":[{"embeddable":true,"href":"http:\/\/denizozerdem.av.tr\/index.php\/wp-json\/wp\/v2\/users\/1"}],"replies":[{"embeddable":true,"href":"http:\/\/denizozerdem.av.tr\/index.php\/wp-json\/wp\/v2\/comments?post=33"}],"version-history":[{"count":2,"href":"http:\/\/denizozerdem.av.tr\/index.php\/wp-json\/wp\/v2\/pages\/33\/revisions"}],"predecessor-version":[{"id":66,"href":"http:\/\/denizozerdem.av.tr\/index.php\/wp-json\/wp\/v2\/pages\/33\/revisions\/66"}],"wp:attachment":[{"href":"http:\/\/denizozerdem.av.tr\/index.php\/wp-json\/wp\/v2\/media?parent=33"}],"curies":[{"name":"wp","href":"https:\/\/api.w.org\/{rel}","templated":true}]}}