{"id":6,"date":"2012-12-21T22:54:25","date_gmt":"2012-12-21T20:54:25","guid":{"rendered":"http:\/\/denizozerdem.av.tr\/?page_id=6"},"modified":"2018-11-30T11:48:57","modified_gmt":"2018-11-30T08:48:57","slug":"iletisim","status":"publish","type":"page","link":"http:\/\/denizozerdem.av.tr\/index.php\/iletisim\/","title":{"rendered":"\u0130LET\u0130\u015e\u0130M"},"content":{"rendered":"<p>Yeni Mahalle H\u00fcsn\u00fc Ye\u011finer Caddesi No:5\/1, 43300 Tav\u015fanl\u0131\/K\u00fctahya<\/p>\n<p><a class=\"fl r-iZRR6GZZu7hI\" title=\"Hangout \u00fczerinden ara\" data-number=\"+902746141939\" data-pstn-out-call-url=\"\" data-rtid=\"iZRR6GZZu7hI\" data-ved=\"0ahUKEwitmN7kworRAhWeMFAKHbxhATkQkAgIcjAT\">0 274 614 19 39<\/a><\/p>\n<p>0 536 638 90 94<\/p>\n<p>bilgi@denizozerdem.av.tr<\/p>\n","protected":false},"excerpt":{"rendered":"<p>Yeni Mahalle H\u00fcsn\u00fc Ye\u011finer Caddesi No:5\/1, 43300 Tav\u015fanl\u0131\/K\u00fctahya 0 274 614 19 39 0 536 638 90 94 bilgi@denizozerdem.av.tr<\/p>\n","protected":false},"author":1,"featured_media":0,"parent":0,"menu_order":3,"comment_status":"closed","ping_status":"closed","template":"","meta":[],"_links":{"self":[{"href":"http:\/\/denizozerdem.av.tr\/index.php\/wp-json\/wp\/v2\/pages\/6"}],"collection":[{"href":"http:\/\/denizozerdem.av.tr\/index.php\/wp-json\/wp\/v2\/pages"}],"about":[{"href":"http:\/\/denizozerdem.av.tr\/index.php\/wp-json\/wp\/v2\/types\/page"}],"author":[{"embeddable":true,"href":"http:\/\/denizozerdem.av.tr\/index.php\/wp-json\/wp\/v2\/users\/1"}],"replies":[{"embeddable":true,"href":"http:\/\/denizozerdem.av.tr\/index.php\/wp-json\/wp\/v2\/comments?post=6"}],"version-history":[{"count":7,"href":"http:\/\/denizozerdem.av.tr\/index.php\/wp-json\/wp\/v2\/pages\/6\/revisions"}],"predecessor-version":[{"id":69,"href":"http:\/\/denizozerdem.av.tr\/index.php\/wp-json\/wp\/v2\/pages\/6\/revisions\/69"}],"wp:attachment":[{"href":"http:\/\/denizozerdem.av.tr\/index.php\/wp-json\/wp\/v2\/media?parent=6"}],"curies":[{"name":"wp","href":"https:\/\/api.w.org\/{rel}","templated":true}]}}